{"id":655,"date":"2019-12-28T16:15:02","date_gmt":"2019-12-28T16:15:02","guid":{"rendered":"http:\/\/termokosare.si\/?page_id=655"},"modified":"2019-12-29T15:30:03","modified_gmt":"2019-12-29T15:30:03","slug":"o-nas","status":"publish","type":"page","link":"http:\/\/termokosare.si\/?page_id=655","title":{"rendered":"O nas"},"content":{"rendered":"\t\t<div data-elementor-type=\"wp-page\" data-elementor-id=\"655\" class=\"elementor elementor-655\" data-elementor-settings=\"[]\">\n\t\t\t<div class=\"elementor-inner\">\n\t\t\t\t<div class=\"elementor-section-wrap\">\n\t\t\t\t\t\t\t<section class=\"elementor-element elementor-element-8e6d444 elementor-section-boxed elementor-section-height-default elementor-section-height-default elementor-section elementor-top-section\" data-id=\"8e6d444\" data-element_type=\"section\">\n\t\t\t\t\t\t<div class=\"elementor-container elementor-column-gap-default\">\n\t\t\t\t<div class=\"elementor-row\">\n\t\t\t\t<div class=\"elementor-element elementor-element-4366f88 elementor-column elementor-col-100 elementor-top-column\" data-id=\"4366f88\" data-element_type=\"column\">\n\t\t\t<div class=\"elementor-column-wrap  elementor-element-populated\">\n\t\t\t\t\t<div class=\"elementor-widget-wrap\">\n\t\t\t\t<div class=\"elementor-element elementor-element-2a4893e elementor-view-default elementor-widget elementor-widget-icon\" data-id=\"2a4893e\" data-element_type=\"widget\" data-widget_type=\"icon.default\">\n\t\t\t\t<div class=\"elementor-widget-container\">\n\t\t\t\t\t<div class=\"elementor-icon-wrapper\">\n\t\t\t<div class=\"elementor-icon elementor-animation-grow\">\n\t\t\t<i aria-hidden=\"true\" class=\"far fa-building\"><\/i>\t\t\t<\/div>\n\t\t<\/div>\n\t\t\t\t<\/div>\n\t\t\t\t<\/div>\n\t\t\t\t<div class=\"elementor-element elementor-element-15e00db elementor-widget elementor-widget-text-editor\" data-id=\"15e00db\" data-element_type=\"widget\" data-widget_type=\"text-editor.default\">\n\t\t\t\t<div class=\"elementor-widget-container\">\n\t\t\t\t\t<div class=\"elementor-text-editor elementor-clearfix\"><p>Podjetje Betomax Schneider je dru\u017einsko podjetje, ki smo ga ustanovili leta 2001.<\/p><p>V Slovenijo smo pripeljali tehnologijo, ki je tedaj \u0161e niso dobro poznali po Sloveniji.<\/p><p>V svoji zgodovini smo sodelovali z vsemi pomembnimi gradbenimi podjetji in smo s svojim znanjem pomagali pri uresni\u010ditvi zahtevnih projektov.<\/p><p>Tesno sodelujemo s projektanti in in\u017eenirji, v \u017eelji po optimalni re\u0161itvi.<\/p><\/div>\n\t\t\t\t<\/div>\n\t\t\t\t<\/div>\n\t\t\t\t\t\t<\/div>\n\t\t\t<\/div>\n\t\t<\/div>\n\t\t\t\t\t\t<\/div>\n\t\t\t<\/div>\n\t\t<\/section>\n\t\t\t\t<section class=\"elementor-element elementor-element-6d7f379 elementor-section-boxed elementor-section-height-default elementor-section-height-default elementor-section elementor-top-section\" data-id=\"6d7f379\" data-element_type=\"section\">\n\t\t\t\t\t\t<div class=\"elementor-container elementor-column-gap-default\">\n\t\t\t\t<div class=\"elementor-row\">\n\t\t\t\t<div class=\"elementor-element elementor-element-066cf2b elementor-column elementor-col-100 elementor-top-column\" data-id=\"066cf2b\" data-element_type=\"column\">\n\t\t\t<div class=\"elementor-column-wrap  elementor-element-populated\">\n\t\t\t\t\t<div class=\"elementor-widget-wrap\">\n\t\t\t\t<div class=\"elementor-element elementor-element-bbb85a7 elementor-aspect-ratio-219 elementor-widget elementor-widget-video\" data-id=\"bbb85a7\" data-element_type=\"widget\" data-settings=\"{&quot;aspect_ratio&quot;:&quot;219&quot;}\" data-widget_type=\"video.default\">\n\t\t\t\t<div class=\"elementor-widget-container\">\n\t\t\t\t\t<div class=\"elementor-wrapper elementor-fit-aspect-ratio elementor-open-inline\">\n\t\t\t<iframe class=\"elementor-video-iframe\" allowfullscreen title=\"youtube Video Player\" src=\"https:\/\/www.youtube.com\/embed\/ghxJahbPwfw?feature=oembed&amp;start&amp;end&amp;wmode=opaque&amp;loop=0&amp;controls=1&amp;mute=0&amp;rel=0&amp;modestbranding=0\"><\/iframe>\t\t<\/div>\n\t\t\t\t<\/div>\n\t\t\t\t<\/div>\n\t\t\t\t\t\t<\/div>\n\t\t\t<\/div>\n\t\t<\/div>\n\t\t\t\t\t\t<\/div>\n\t\t\t<\/div>\n\t\t<\/section>\n\t\t\t\t<section class=\"elementor-element elementor-element-0ee39f7 elementor-section-boxed elementor-section-height-default elementor-section-height-default elementor-section elementor-top-section\" data-id=\"0ee39f7\" data-element_type=\"section\">\n\t\t\t\t\t\t<div class=\"elementor-container elementor-column-gap-default\">\n\t\t\t\t<div class=\"elementor-row\">\n\t\t\t\t<div class=\"elementor-element elementor-element-f66b9fa elementor-column elementor-col-100 elementor-top-column\" data-id=\"f66b9fa\" data-element_type=\"column\">\n\t\t\t<div class=\"elementor-column-wrap  elementor-element-populated\">\n\t\t\t\t\t<div class=\"elementor-widget-wrap\">\n\t\t\t\t<div class=\"elementor-element elementor-element-63540ea elementor-widget elementor-widget-heading\" data-id=\"63540ea\" data-element_type=\"widget\" data-widget_type=\"heading.default\">\n\t\t\t\t<div class=\"elementor-widget-container\">\n\t\t\t<h2 class=\"elementor-heading-title elementor-size-default\">ZASTOPAMO PODJETJA<\/h2>\t\t<\/div>\n\t\t\t\t<\/div>\n\t\t\t\t\t\t<\/div>\n\t\t\t<\/div>\n\t\t<\/div>\n\t\t\t\t\t\t<\/div>\n\t\t\t<\/div>\n\t\t<\/section>\n\t\t\t\t<section class=\"elementor-element elementor-element-0f54c3a elementor-section-boxed elementor-section-height-default elementor-section-height-default elementor-section elementor-top-section\" data-id=\"0f54c3a\" data-element_type=\"section\">\n\t\t\t\t\t\t<div class=\"elementor-container elementor-column-gap-default\">\n\t\t\t\t<div class=\"elementor-row\">\n\t\t\t\t<div class=\"elementor-element elementor-element-efec3c6 elementor-column elementor-col-33 elementor-top-column\" data-id=\"efec3c6\" data-element_type=\"column\">\n\t\t\t<div class=\"elementor-column-wrap  elementor-element-populated\">\n\t\t\t\t\t<div class=\"elementor-widget-wrap\">\n\t\t\t\t<div class=\"elementor-element elementor-element-a6bceec elementor-widget elementor-widget-image\" data-id=\"a6bceec\" data-element_type=\"widget\" data-widget_type=\"image.default\">\n\t\t\t\t<div class=\"elementor-widget-container\">\n\t\t\t\t\t<div class=\"elementor-image\">\n\t\t\t\t\t\t\t\t\t\t\t<a data-elementor-open-lightbox=\"\" href=\"https:\/\/www.betomax.com\/start.html\">\n\t\t\t\t\t\t\t<img width=\"280\" height=\"80\" src=\"http:\/\/termokosare.si\/wp-content\/uploads\/2019\/12\/betomax-systems-1.png\" class=\"attachment-large size-large\" alt=\"\" decoding=\"async\" loading=\"lazy\" \/>\t\t\t\t\t\t\t\t<\/a>\n\t\t\t\t\t\t\t\t\t\t\t<\/div>\n\t\t\t\t<\/div>\n\t\t\t\t<\/div>\n\t\t\t\t\t\t<\/div>\n\t\t\t<\/div>\n\t\t<\/div>\n\t\t\t\t<div class=\"elementor-element elementor-element-32e5494 elementor-column elementor-col-33 elementor-top-column\" data-id=\"32e5494\" data-element_type=\"column\">\n\t\t\t<div class=\"elementor-column-wrap  elementor-element-populated\">\n\t\t\t\t\t<div class=\"elementor-widget-wrap\">\n\t\t\t\t<div class=\"elementor-element elementor-element-21fb215 elementor-widget elementor-widget-image\" data-id=\"21fb215\" data-element_type=\"widget\" data-widget_type=\"image.default\">\n\t\t\t\t<div class=\"elementor-widget-container\">\n\t\t\t\t\t<div class=\"elementor-image\">\n\t\t\t\t\t\t\t\t\t\t\t<a data-elementor-open-lightbox=\"\" href=\"https:\/\/www.ancotech.ch\/de\/\">\n\t\t\t\t\t\t\t<img width=\"600\" height=\"154\" src=\"http:\/\/termokosare.si\/wp-content\/uploads\/2019\/12\/ANCOTECH-AGlogo.jpg\" class=\"attachment-large size-large\" alt=\"\" decoding=\"async\" loading=\"lazy\" srcset=\"http:\/\/termokosare.si\/wp-content\/uploads\/2019\/12\/ANCOTECH-AGlogo.jpg 600w, http:\/\/termokosare.si\/wp-content\/uploads\/2019\/12\/ANCOTECH-AGlogo-300x77.jpg 300w\" sizes=\"(max-width: 600px) 100vw, 600px\" \/>\t\t\t\t\t\t\t\t<\/a>\n\t\t\t\t\t\t\t\t\t\t\t<\/div>\n\t\t\t\t<\/div>\n\t\t\t\t<\/div>\n\t\t\t\t\t\t<\/div>\n\t\t\t<\/div>\n\t\t<\/div>\n\t\t\t\t<div class=\"elementor-element elementor-element-78815e2 elementor-column elementor-col-33 elementor-top-column\" data-id=\"78815e2\" data-element_type=\"column\">\n\t\t\t<div class=\"elementor-column-wrap  elementor-element-populated\">\n\t\t\t\t\t<div class=\"elementor-widget-wrap\">\n\t\t\t\t<div class=\"elementor-element elementor-element-1ec99f4 elementor-widget elementor-widget-image\" data-id=\"1ec99f4\" data-element_type=\"widget\" data-widget_type=\"image.default\">\n\t\t\t\t<div class=\"elementor-widget-container\">\n\t\t\t\t\t<div class=\"elementor-image\">\n\t\t\t\t\t\t\t\t\t\t\t<a data-elementor-open-lightbox=\"\" href=\"https:\/\/www.avi.at\/en\/\">\n\t\t\t\t\t\t\t<img width=\"138\" height=\"47\" src=\"http:\/\/termokosare.si\/wp-content\/uploads\/2019\/12\/logo-avi.png\" class=\"attachment-large size-large\" alt=\"\" decoding=\"async\" loading=\"lazy\" \/>\t\t\t\t\t\t\t\t<\/a>\n\t\t\t\t\t\t\t\t\t\t\t<\/div>\n\t\t\t\t<\/div>\n\t\t\t\t<\/div>\n\t\t\t\t\t\t<\/div>\n\t\t\t<\/div>\n\t\t<\/div>\n\t\t\t\t\t\t<\/div>\n\t\t\t<\/div>\n\t\t<\/section>\n\t\t\t\t\t\t<\/div>\n\t\t\t<\/div>\n\t\t<\/div>\n\t\t","protected":false},"excerpt":{"rendered":"<p>Podjetje Betomax Schneider je dru\u017einsko podjetje, ki smo ga ustanovili leta 2001. V Slovenijo smo pripeljali tehnologijo, ki je tedaj \u0161e niso dobro poznali po Sloveniji. V svoji zgodovini smo sodelovali z vsemi pomembnimi gradbenimi podjetji in smo s svojim znanjem pomagali pri uresni\u010ditvi zahtevnih projektov. Tesno sodelujemo s projektanti in in\u017eenirji, v \u017eelji po [&hellip;]<\/p>\n","protected":false},"author":1,"featured_media":0,"parent":0,"menu_order":0,"comment_status":"closed","ping_status":"closed","template":"elementor_header_footer","meta":{"_monsterinsights_skip_tracking":false,"_monsterinsights_sitenote_active":false,"_monsterinsights_sitenote_note":"","_monsterinsights_sitenote_category":0},"_links":{"self":[{"href":"http:\/\/termokosare.si\/index.php?rest_route=\/wp\/v2\/pages\/655"}],"collection":[{"href":"http:\/\/termokosare.si\/index.php?rest_route=\/wp\/v2\/pages"}],"about":[{"href":"http:\/\/termokosare.si\/index.php?rest_route=\/wp\/v2\/types\/page"}],"author":[{"embeddable":true,"href":"http:\/\/termokosare.si\/index.php?rest_route=\/wp\/v2\/users\/1"}],"replies":[{"embeddable":true,"href":"http:\/\/termokosare.si\/index.php?rest_route=%2Fwp%2Fv2%2Fcomments&post=655"}],"version-history":[{"count":9,"href":"http:\/\/termokosare.si\/index.php?rest_route=\/wp\/v2\/pages\/655\/revisions"}],"predecessor-version":[{"id":762,"href":"http:\/\/termokosare.si\/index.php?rest_route=\/wp\/v2\/pages\/655\/revisions\/762"}],"wp:attachment":[{"href":"http:\/\/termokosare.si\/index.php?rest_route=%2Fwp%2Fv2%2Fmedia&parent=655"}],"curies":[{"name":"wp","href":"https:\/\/api.w.org\/{rel}","templated":true}]}}